{"id":41,"date":"2025-11-11T14:39:00","date_gmt":"2025-11-11T13:39:00","guid":{"rendered":"https:\/\/lmalle.hak-digital.at\/?page_id=41"},"modified":"2026-01-16T11:04:40","modified_gmt":"2026-01-16T10:04:40","slug":"leistungen","status":"publish","type":"page","link":"https:\/\/lmalle.hak-digital.at\/?page_id=41","title":{"rendered":"Leistungen"},"content":{"rendered":"\t\t<div data-elementor-type=\"wp-page\" data-elementor-id=\"41\" class=\"elementor elementor-41\">\n\t\t\t\t<div class=\"elementor-element elementor-element-5098a1c e-con-full e-flex e-con e-parent\" data-id=\"5098a1c\" data-element_type=\"container\">\n\t\t\t\t<div class=\"elementor-element elementor-element-2fcefa5 elementor-widget elementor-widget-image\" data-id=\"2fcefa5\" data-element_type=\"widget\" data-widget_type=\"image.default\">\n\t\t\t\t\t\t\t\t\t\t\t\t\t\t\t<img fetchpriority=\"high\" decoding=\"async\" width=\"1024\" height=\"520\" src=\"https:\/\/lmalle.hak-digital.at\/wp-content\/uploads\/2026\/01\/132342oss\u00b424\u00b43ss5-1024x520.png\" class=\"attachment-large size-large wp-image-224\" alt=\"\" srcset=\"https:\/\/lmalle.hak-digital.at\/wp-content\/uploads\/2026\/01\/132342oss\u00b424\u00b43ss5-1024x520.png 1024w, https:\/\/lmalle.hak-digital.at\/wp-content\/uploads\/2026\/01\/132342oss\u00b424\u00b43ss5-300x152.png 300w, https:\/\/lmalle.hak-digital.at\/wp-content\/uploads\/2026\/01\/132342oss\u00b424\u00b43ss5-768x390.png 768w, https:\/\/lmalle.hak-digital.at\/wp-content\/uploads\/2026\/01\/132342oss\u00b424\u00b43ss5-1536x780.png 1536w, https:\/\/lmalle.hak-digital.at\/wp-content\/uploads\/2026\/01\/132342oss\u00b424\u00b43ss5.png 1539w\" sizes=\"(max-width: 1024px) 100vw, 1024px\" \/>\t\t\t\t\t\t\t\t\t\t\t\t\t\t\t<\/div>\n\t\t\t\t<\/div>\n\t\t<div class=\"elementor-element elementor-element-99a3c6a e-con-full e-flex e-con e-parent\" data-id=\"99a3c6a\" data-element_type=\"container\">\n\t\t\t\t<div class=\"elementor-element elementor-element-8c3f062 elementor-widget elementor-widget-text-editor\" data-id=\"8c3f062\" data-element_type=\"widget\" data-widget_type=\"text-editor.default\">\n\t\t\t\t\t\t\t\t\t<p>Umfassender Versicherungsschutz \u2013 individuell und unabh\u00e4ngig<\/p><p>Ich biete Beratung und Vermittlung in allen Versicherungsbereichen \u2013 f\u00fcr Privatpersonen und Unternehmen.<br \/>Jede Empfehlung basiert auf einem neutralen Marktvergleich, um die beste L\u00f6sung zu fairen Konditionen zu finden.<\/p><h2>PRIVATE VERSICHERUNGEN<\/h2><p>&#8211; KFZ-Versicherung<br \/>&#8211; Haftpflicht-, Hausrat- &amp; Wohngeb\u00e4udeversicherung<br \/>&#8211; Unfall- &amp; Lebensversicherung<br \/>&#8211; Berufsunf\u00e4higkeitsversicherung<br \/>&#8211; Private Krankenversicherung<\/p><h2>GEWERBLICHE VERSICHERUNGEN<\/h2><p>Betriebshaftpflicht<br \/>&#8211; Inhaltsversicherung<br \/>&#8211; Rechtsschutzversicherung<br \/>&#8211; Mitarbeiter- und Betriebsunterbrechungsversicherung<\/p><h2>VORSORGE &amp; FINANZEN<\/h2><p>&#8211; Altersvorsorge &amp; Pensionsplanung<br \/>&#8211; Gesundheitsvorsorge<br \/>&#8211; Verm\u00f6gensaufbau und Investmentl\u00f6sungen<\/p><p>Sie m\u00f6chten Ihre bestehenden Vertr\u00e4ge pr\u00fcfen oder eine neue Absicherung planen?\u00a0<\/p>\t\t\t\t\t\t\t\t<\/div>\n\t\t\t\t<div class=\"elementor-element elementor-element-0ec8288 elementor-widget elementor-widget-button\" data-id=\"0ec8288\" data-element_type=\"widget\" data-widget_type=\"button.default\">\n\t\t\t\t\t\t\t\t\t\t<a class=\"elementor-button elementor-button-link elementor-size-sm\" href=\"https:\/\/lmalle.hak-digital.at\/?page_id=197\">\n\t\t\t\t\t\t<span class=\"elementor-button-content-wrapper\">\n\t\t\t\t\t\t\t\t\t<span class=\"elementor-button-text\">Jetzt unverbindlichen Termin vereinbaren<\/span>\n\t\t\t\t\t<\/span>\n\t\t\t\t\t<\/a>\n\t\t\t\t\t\t\t\t<\/div>\n\t\t\t\t<\/div>\n\t\t\t\t<\/div>\n\t\t","protected":false},"excerpt":{"rendered":"<p>Umfassender Versicherungsschutz \u2013 individuell und unabh\u00e4ngig Ich biete Beratung und Vermittlung in allen Versicherungsbereichen \u2013 f\u00fcr Privatpersonen und Unternehmen.Jede Empfehlung [&hellip;]<\/p>\n","protected":false},"author":1,"featured_media":0,"parent":0,"menu_order":0,"comment_status":"closed","ping_status":"closed","template":"","meta":{"site-sidebar-layout":"no-sidebar","site-content-layout":"","ast-site-content-layout":"full-width-container","site-content-style":"default","site-sidebar-style":"default","ast-global-header-display":"","ast-banner-title-visibility":"","ast-main-header-display":"","ast-hfb-above-header-display":"","ast-hfb-below-header-display":"","ast-hfb-mobile-header-display":"","site-post-title":"disabled","ast-breadcrumbs-content":"","ast-featured-img":"disabled","footer-sml-layout":"","theme-transparent-header-meta":"","adv-header-id-meta":"","stick-header-meta":"","header-above-stick-meta":"","header-main-stick-meta":"","header-below-stick-meta":"","astra-migrate-meta-layouts":"default","ast-page-background-enabled":"default","ast-page-background-meta":{"desktop":{"background-color":"var(--ast-global-color-5)","background-image":"","background-repeat":"repeat","background-position":"center center","background-size":"auto","background-attachment":"scroll","background-type":"","background-media":"","overlay-type":"","overlay-color":"","overlay-opacity":"","overlay-gradient":""},"tablet":{"background-color":"","background-image":"","background-repeat":"repeat","background-position":"center center","background-size":"auto","background-attachment":"scroll","background-type":"","background-media":"","overlay-type":"","overlay-color":"","overlay-opacity":"","overlay-gradient":""},"mobile":{"background-color":"","background-image":"","background-repeat":"repeat","background-position":"center center","background-size":"auto","background-attachment":"scroll","background-type":"","background-media":"","overlay-type":"","overlay-color":"","overlay-opacity":"","overlay-gradient":""}},"ast-content-background-meta":{"desktop":{"background-color":"var(--ast-global-color-4)","background-image":"","background-repeat":"repeat","background-position":"center center","background-size":"auto","background-attachment":"scroll","background-type":"","background-media":"","overlay-type":"","overlay-color":"","overlay-opacity":"","overlay-gradient":""},"tablet":{"background-color":"var(--ast-global-color-4)","background-image":"","background-repeat":"repeat","background-position":"center center","background-size":"auto","background-attachment":"scroll","background-type":"","background-media":"","overlay-type":"","overlay-color":"","overlay-opacity":"","overlay-gradient":""},"mobile":{"background-color":"var(--ast-global-color-4)","background-image":"","background-repeat":"repeat","background-position":"center center","background-size":"auto","background-attachment":"scroll","background-type":"","background-media":"","overlay-type":"","overlay-color":"","overlay-opacity":"","overlay-gradient":""}},"footnotes":""},"class_list":["post-41","page","type-page","status-publish","hentry"],"_links":{"self":[{"href":"https:\/\/lmalle.hak-digital.at\/index.php?rest_route=\/wp\/v2\/pages\/41","targetHints":{"allow":["GET"]}}],"collection":[{"href":"https:\/\/lmalle.hak-digital.at\/index.php?rest_route=\/wp\/v2\/pages"}],"about":[{"href":"https:\/\/lmalle.hak-digital.at\/index.php?rest_route=\/wp\/v2\/types\/page"}],"author":[{"embeddable":true,"href":"https:\/\/lmalle.hak-digital.at\/index.php?rest_route=\/wp\/v2\/users\/1"}],"replies":[{"embeddable":true,"href":"https:\/\/lmalle.hak-digital.at\/index.php?rest_route=%2Fwp%2Fv2%2Fcomments&post=41"}],"version-history":[{"count":22,"href":"https:\/\/lmalle.hak-digital.at\/index.php?rest_route=\/wp\/v2\/pages\/41\/revisions"}],"predecessor-version":[{"id":228,"href":"https:\/\/lmalle.hak-digital.at\/index.php?rest_route=\/wp\/v2\/pages\/41\/revisions\/228"}],"wp:attachment":[{"href":"https:\/\/lmalle.hak-digital.at\/index.php?rest_route=%2Fwp%2Fv2%2Fmedia&parent=41"}],"curies":[{"name":"wp","href":"https:\/\/api.w.org\/{rel}","templated":true}]}}